{"id":46,"date":"2026-04-28T08:12:26","date_gmt":"2026-04-28T06:12:26","guid":{"rendered":"http:\/\/profesjonalnymlm.pl\/?page_id=46"},"modified":"2026-04-28T20:42:23","modified_gmt":"2026-04-28T18:42:23","slug":"profesjonalny-mlm","status":"publish","type":"page","link":"https:\/\/profesjonalnymlm.pl\/","title":{"rendered":"PROFESJONALNY MLM"},"content":{"rendered":"\t\t<div data-elementor-type=\"wp-page\" data-elementor-id=\"46\" class=\"elementor elementor-46\" data-elementor-post-type=\"page\">\n\t\t\t\t<div class=\"elementor-element elementor-element-7a07a9f2 e-flex e-con-boxed e-con e-parent\" data-id=\"7a07a9f2\" data-element_type=\"container\" data-e-type=\"container\">\n\t\t\t\t\t<div class=\"e-con-inner\">\n\t\t\t\t\t\t\t<h2 \n\t\tdata-interaction-id=\"5949328b\" \n\t\tclass=\"e-5949328b-a2d3471 e-heading-base\" \n\t\t \n\t\tdata-e-type=\"widget\" data-id=\"5949328b\"\n\t>\n\t\n\t\t\t4 lipca 2026 r.<br>Warszawa, Airport Hotel Ok\u0119cie\n\t\t<\/h2>\n\t\t\t\t\t<\/div>\n\t\t\t\t<\/div>\n\t\t<div class=\"elementor-element elementor-element-e968328 e-flex e-con-boxed e-con e-parent\" data-id=\"e968328\" data-element_type=\"container\" data-e-type=\"container\" data-settings=\"{&quot;background_background&quot;:&quot;classic&quot;}\">\n\t\t\t\t\t<div class=\"e-con-inner\">\n\t\t\t\t<div class=\"elementor-element elementor-element-25f39979 elementor-countdown--label-block elementor-widget elementor-widget-countdown\" data-id=\"25f39979\" data-element_type=\"widget\" data-e-type=\"widget\" data-widget_type=\"countdown.default\">\n\t\t\t\t\t\t\t<div class=\"elementor-countdown-wrapper\" data-date=\"1783148400\">\n\t\t\t<div class=\"elementor-countdown-item\"><span class=\"elementor-countdown-digits elementor-countdown-days\"><\/span> <span class=\"elementor-countdown-label\">Dni<\/span><\/div><div class=\"elementor-countdown-item\"><span class=\"elementor-countdown-digits elementor-countdown-hours\"><\/span> <span class=\"elementor-countdown-label\">Godziny<\/span><\/div><div class=\"elementor-countdown-item\"><span class=\"elementor-countdown-digits elementor-countdown-minutes\"><\/span> <span class=\"elementor-countdown-label\">Minuty<\/span><\/div><div class=\"elementor-countdown-item\"><span class=\"elementor-countdown-digits elementor-countdown-seconds\"><\/span> <span class=\"elementor-countdown-label\">Sekundy<\/span><\/div>\t\t<\/div>\n\t\t\t\t\t\t<\/div>\n\t\t\t\t\t\t\t<h1 \n\t\tdata-interaction-id=\"454dfd31\" \n\t\tclass=\"e-454dfd31-ff3bba4 e-heading-base\" \n\t\t \n\t\tdata-e-type=\"widget\" data-id=\"454dfd31\" \n\t>\n\t\n\t\t\tWe\u017a udzia\u0142 w wyj\u0105tkowym wydarzeniu<br>\u201eProfesjonalny MLM\u201d!\n\t\t<\/h1>\n\t\t\t\t\t\t\t<h2 \n\t\tdata-interaction-id=\"58dd8bd0\" \n\t\tclass=\"e-58dd8bd0-186a62c e-heading-base\" \n\t\t \n\t\tdata-e-type=\"widget\" data-id=\"58dd8bd0\"\n\t>\n\t\n\t\t\tSerdecznie zapraszamy wszystkich Dystrybutor\u00f3w Nature's Sunshine na inspiruj\u0105ce<br>i merytoryczne spotkanie, kt\u00f3re pomo\u017ce Ci rozwin\u0105\u0107 skrzyd\u0142a w biznesie. <br>Do\u0142\u0105cz do nas w Warszawie i zdob\u0105d\u017a wiedz\u0119 od najlepszych w bran\u017cy.\n\t\t<\/h2>\n\t\t\t\t<div class=\"elementor-element elementor-element-6ddfe9d elementor-widget-divider--view-line elementor-widget elementor-widget-divider\" data-id=\"6ddfe9d\" data-element_type=\"widget\" data-e-type=\"widget\" data-widget_type=\"divider.default\">\n\t\t\t\t\t\t\t<div class=\"elementor-divider\">\n\t\t\t<span class=\"elementor-divider-separator\">\n\t\t\t\t\t\t<\/span>\n\t\t<\/div>\n\t\t\t\t\t\t<\/div>\n\t\t\t\t<div class=\"elementor-element elementor-element-7a38ee1a elementor-widget__width-initial elementor-widget elementor-widget-text-editor\" data-id=\"7a38ee1a\" data-element_type=\"widget\" data-e-type=\"widget\" data-widget_type=\"text-editor.default\">\n\t\t\t\t\t\t\t\t\t<h3 data-path-to-node=\"2\">Co na Ciebie czeka?<\/h3><p data-path-to-node=\"3\">Przygotowali\u015bmy agend\u0119 pe\u0142n\u0105 praktycznej wiedzy i sprawdzonych rozwi\u0105za\u0144:<\/p><ul data-path-to-node=\"4\"><li><p data-path-to-node=\"4,0,0\"><b data-path-to-node=\"4,0,0\" data-index-in-node=\"0\">Wiedza o zdrowiu i produktach:<\/b> Eksperckie wyk\u0142ady zg\u0142\u0119biaj\u0105ce tajniki dbania o zdrowie oraz szczeg\u00f3\u0142owe informacje o ofercie Nature&#8217;s Sunshine. Zdob\u0105d\u017a solidne argumenty, kt\u00f3re u\u0142atwi\u0105 i wzmocni\u0105 Twoj\u0105 codzienn\u0105 prac\u0119.<\/p><\/li><li><p data-path-to-node=\"4,1,0\"><b data-path-to-node=\"4,1,0\" data-index-in-node=\"0\">Inspiracje biznesowe:<\/b> Prelekcje poprowadzone przez najlepszych i najbardziej do\u015bwiadczonych Dystrybutor\u00f3w Nature&#8217;s Sunshine. Poznaj strategie, kt\u00f3re stoj\u0105 za ich sukcesem i dowiedz si\u0119, jak skutecznie budowa\u0107 i skalowa\u0107 swoj\u0105 struktur\u0119.<\/p><\/li><li><p data-path-to-node=\"4,2,0\"><b data-path-to-node=\"4,2,0\" data-index-in-node=\"0\">Networking i wymiana do\u015bwiadcze\u0144:<\/b> Doskona\u0142a okazja do nawi\u0105zania nowych relacji biznesowych, rozm\u00f3w z liderami i na\u0142adowania si\u0119 pozytywn\u0105 energi\u0105 w gronie os\u00f3b o podobnych celach.<\/p><\/li><\/ul>\t\t\t\t\t\t\t\t<\/div>\n\t\t\t\t<div class=\"elementor-element elementor-element-9395b9e elementor-widget-divider--view-line elementor-widget elementor-widget-divider\" data-id=\"9395b9e\" data-element_type=\"widget\" data-e-type=\"widget\" data-widget_type=\"divider.default\">\n\t\t\t\t\t\t\t<div class=\"elementor-divider\">\n\t\t\t<span class=\"elementor-divider-separator\">\n\t\t\t\t\t\t<\/span>\n\t\t<\/div>\n\t\t\t\t\t\t<\/div>\n\t\t\t\t\t\t\t<h1 \n\t\tdata-interaction-id=\"c2efcf6\" \n\t\tclass=\"e-c2efcf6-768f88b e-heading-base\" \n\t\t \n\t\tdata-e-type=\"widget\" data-id=\"c2efcf6\" \n\t>\n\t\n\t\t\t\u015aled\u017a aktualno\u015bci na facebooku:\n\t\t<\/h1>\n\t\t\t\t\t<\/div>\n\t\t\t\t<\/div>\n\t\t<div class=\"elementor-element elementor-element-1d3fdbd e-flex e-con-boxed e-con e-parent\" data-id=\"1d3fdbd\" data-element_type=\"container\" data-e-type=\"container\" data-settings=\"{&quot;background_background&quot;:&quot;classic&quot;}\">\n\t\t\t\t\t<div class=\"e-con-inner\">\n\t\t\t\t<div class=\"elementor-element elementor-element-60b345b elementor-shape-circle elementor-grid-0 e-grid-align-center elementor-widget elementor-widget-social-icons\" data-id=\"60b345b\" data-element_type=\"widget\" data-e-type=\"widget\" data-widget_type=\"social-icons.default\">\n\t\t\t\t\t\t\t<div class=\"elementor-social-icons-wrapper elementor-grid\">\n\t\t\t\t\t\t\t<span class=\"elementor-grid-item\">\n\t\t\t\t\t<a class=\"elementor-icon elementor-social-icon elementor-social-icon-facebook elementor-repeater-item-068150d\" href=\"https:\/\/www.facebook.com\/profile.php?id=61578514265312\" target=\"_blank\">\n\t\t\t\t\t\t<span class=\"elementor-screen-only\">Facebook<\/span>\n\t\t\t\t\t\t<svg aria-hidden=\"true\" class=\"e-font-icon-svg e-fab-facebook\" viewBox=\"0 0 512 512\" xmlns=\"http:\/\/www.w3.org\/2000\/svg\"><path d=\"M504 256C504 119 393 8 256 8S8 119 8 256c0 123.78 90.69 226.38 209.25 245V327.69h-63V256h63v-54.64c0-62.15 37-96.48 93.67-96.48 27.14 0 55.52 4.84 55.52 4.84v61h-31.28c-30.8 0-40.41 19.12-40.41 38.73V256h68.78l-11 71.69h-57.78V501C413.31 482.38 504 379.78 504 256z\"><\/path><\/svg>\t\t\t\t\t<\/a>\n\t\t\t\t<\/span>\n\t\t\t\t\t<\/div>\n\t\t\t\t\t\t<\/div>\n\t\t\t\t\t<\/div>\n\t\t\t\t<\/div>\n\t\t<div class=\"elementor-element elementor-element-c6441ec e-flex e-con-boxed e-con e-parent\" data-id=\"c6441ec\" data-element_type=\"container\" data-e-type=\"container\">\n\t\t\t\t\t<div class=\"e-con-inner\">\n\t\t<div class=\"elementor-element elementor-element-31e9170 e-con-full e-flex e-con e-child\" data-id=\"31e9170\" data-element_type=\"container\" data-e-type=\"container\">\n\t\t\t\t\t\t\t<h2 \n\t\tdata-interaction-id=\"d071dec\" \n\t\tclass=\"e-d071dec-02a2eee e-heading-base\" \n\t\t \n\t\tdata-e-type=\"widget\" data-id=\"d071dec\"\n\t>\n\t\n\t\t\tZarezerwuj pok\u00f3j ze zni\u017ck\u0105\n\t\t<\/h2>\n\t\t\t\t\t\t\t\t<p class=\"e-aaada0b-bd1b919 e-paragraph-base\" data-interaction-id=\"aaada0b\"  data-e-type=\"widget\" data-id=\"aaada0b\">\n\t\t\t\t\t\t\t\tAirport Hotel Ok\u0119cie specjalnie dla uczestnik\u00f3w konferencji \"Profesjonalny MLM\" przygotowa\u0142 pokoje z rabatem 20% od ceny dnia. \n\t\t\t\t\t<\/p>\n\t\t\t\t\t    \t            <a\n            href=\"https:\/\/booking.profitroom.com\/pl\/airporthotelokecie\/home?currency=PLN&amp;accepted-cookie-policies=necessary%2Canalytics%2Cmarketing&amp;codes=NN%2CSmarttim&amp;no-cache=1\" target=\"_self\"\n            class=\"e-185d87e-ba2ab15 e-button-base\"\n            data-interaction-id=\"185d87e\"\n             data-e-type=\"widget\" data-id=\"185d87e\"\n        >\n            Zarezerwuj pok\u00f3j\n        <\/a>\n    \t\t\t\t<\/div>\n\t\t<div class=\"elementor-element elementor-element-f321804 e-con-full e-flex e-con e-child\" data-id=\"f321804\" data-element_type=\"container\" data-e-type=\"container\">\n\t\t\t\t<div class=\"elementor-element elementor-element-cefb32e elementor-widget elementor-widget-image\" data-id=\"cefb32e\" data-element_type=\"widget\" data-e-type=\"widget\" data-widget_type=\"image.default\">\n\t\t\t\t\t\t\t\t\t\t\t\t\t\t\t<img fetchpriority=\"high\" decoding=\"async\" width=\"1920\" height=\"1080\" src=\"http:\/\/profesjonalnymlm.pl\/wp-content\/uploads\/2026\/04\/hotelObszar-roboczy-1.webp\" class=\"attachment-full size-full wp-image-98\" alt=\"Airport Hotel Ok\u0119cie\" srcset=\"http:\/\/profesjonalnymlm.pl\/wp-content\/uploads\/2026\/04\/hotelObszar-roboczy-1.webp 1920w, http:\/\/profesjonalnymlm.pl\/wp-content\/uploads\/2026\/04\/hotelObszar-roboczy-1-300x169.webp 300w, http:\/\/profesjonalnymlm.pl\/wp-content\/uploads\/2026\/04\/hotelObszar-roboczy-1-1024x576.webp 1024w, http:\/\/profesjonalnymlm.pl\/wp-content\/uploads\/2026\/04\/hotelObszar-roboczy-1-768x432.webp 768w, http:\/\/profesjonalnymlm.pl\/wp-content\/uploads\/2026\/04\/hotelObszar-roboczy-1-1536x864.webp 1536w\" sizes=\"(max-width: 1920px) 100vw, 1920px\" \/>\t\t\t\t\t\t\t\t\t\t\t\t\t\t\t<\/div>\n\t\t\t\t<\/div>\n\t\t\t\t\t<\/div>\n\t\t\t\t<\/div>\n\t\t\t\t<\/div>\n\t\t","protected":false},"excerpt":{"rendered":"<p>Serdecznie zapraszamy wszystkich Dystrybutor\u00f3w Nature\u2019s Sunshine na inspiruj\u0105ce<br \/>\ni merytoryczne spotkanie, kt\u00f3re pomo\u017ce Ci rozwin\u0105\u0107 skrzyd\u0142a w biznesie.<br \/>\nDo\u0142\u0105cz do nas w Warszawie i zdob\u0105d\u017a wiedz\u0119 od najlepszych w bran\u017cy.<\/p>\n","protected":false},"author":1,"featured_media":0,"parent":0,"menu_order":0,"comment_status":"closed","ping_status":"closed","template":"elementor_header_footer","meta":{"footnotes":""},"class_list":["post-46","page","type-page","status-publish","hentry"],"yoast_head":"<!-- This site is optimized with the Yoast SEO plugin v27.4 - https:\/\/yoast.com\/product\/yoast-seo-wordpress\/ -->\n<title>PROFESJONALNY MLM - PROFESJONALNY MLM<\/title>\n<meta name=\"robots\" content=\"index, follow, max-snippet:-1, max-image-preview:large, max-video-preview:-1\" \/>\n<link rel=\"canonical\" href=\"http:\/\/profesjonalnymlm.pl\/\" \/>\n<meta property=\"og:locale\" content=\"pl_PL\" \/>\n<meta property=\"og:type\" content=\"article\" \/>\n<meta property=\"og:title\" content=\"PROFESJONALNY MLM - PROFESJONALNY MLM\" \/>\n<meta property=\"og:description\" content=\"Serdecznie zapraszamy wszystkich Dystrybutor\u00f3w Nature\u2019s Sunshine na inspiruj\u0105ce i merytoryczne spotkanie, kt\u00f3re pomo\u017ce Ci rozwin\u0105\u0107 skrzyd\u0142a w biznesie. Do\u0142\u0105cz do nas w Warszawie i zdob\u0105d\u017a wiedz\u0119 od najlepszych w bran\u017cy.\" \/>\n<meta property=\"og:url\" content=\"http:\/\/profesjonalnymlm.pl\/\" \/>\n<meta property=\"og:site_name\" content=\"PROFESJONALNY MLM\" \/>\n<meta property=\"article:modified_time\" content=\"2026-04-28T18:42:23+00:00\" \/>\n<meta property=\"og:image\" content=\"https:\/\/profesjonalnymlm.pl\/wp-content\/uploads\/2026\/04\/hotelObszar-roboczy-1.webp\" \/>\n\t<meta property=\"og:image:width\" content=\"1920\" \/>\n\t<meta property=\"og:image:height\" content=\"1080\" \/>\n\t<meta property=\"og:image:type\" content=\"image\/webp\" \/>\n<meta name=\"twitter:card\" content=\"summary_large_image\" \/>\n<meta name=\"twitter:label1\" content=\"Szacowany czas czytania\" \/>\n\t<meta name=\"twitter:data1\" content=\"2 minuty\" \/>\n<script type=\"application\/ld+json\" class=\"yoast-schema-graph\">{\"@context\":\"https:\\\/\\\/schema.org\",\"@graph\":[{\"@type\":\"WebPage\",\"@id\":\"http:\\\/\\\/profesjonalnymlm.pl\\\/\",\"url\":\"http:\\\/\\\/profesjonalnymlm.pl\\\/\",\"name\":\"PROFESJONALNY MLM - PROFESJONALNY MLM\",\"isPartOf\":{\"@id\":\"http:\\\/\\\/profesjonalnymlm.pl\\\/#website\"},\"primaryImageOfPage\":{\"@id\":\"http:\\\/\\\/profesjonalnymlm.pl\\\/#primaryimage\"},\"image\":{\"@id\":\"http:\\\/\\\/profesjonalnymlm.pl\\\/#primaryimage\"},\"thumbnailUrl\":\"http:\\\/\\\/profesjonalnymlm.pl\\\/wp-content\\\/uploads\\\/2026\\\/04\\\/hotelObszar-roboczy-1.webp\",\"datePublished\":\"2026-04-28T06:12:26+00:00\",\"dateModified\":\"2026-04-28T18:42:23+00:00\",\"breadcrumb\":{\"@id\":\"http:\\\/\\\/profesjonalnymlm.pl\\\/#breadcrumb\"},\"inLanguage\":\"pl-PL\",\"potentialAction\":[{\"@type\":\"ReadAction\",\"target\":[\"http:\\\/\\\/profesjonalnymlm.pl\\\/\"]}]},{\"@type\":\"ImageObject\",\"inLanguage\":\"pl-PL\",\"@id\":\"http:\\\/\\\/profesjonalnymlm.pl\\\/#primaryimage\",\"url\":\"https:\\\/\\\/profesjonalnymlm.pl\\\/wp-content\\\/uploads\\\/2026\\\/04\\\/hotelObszar-roboczy-1.webp\",\"contentUrl\":\"https:\\\/\\\/profesjonalnymlm.pl\\\/wp-content\\\/uploads\\\/2026\\\/04\\\/hotelObszar-roboczy-1.webp\",\"width\":1920,\"height\":1080,\"caption\":\"Airport Hotel Ok\u0119cie\"},{\"@type\":\"BreadcrumbList\",\"@id\":\"http:\\\/\\\/profesjonalnymlm.pl\\\/#breadcrumb\",\"itemListElement\":[{\"@type\":\"ListItem\",\"position\":1,\"name\":\"Home\",\"item\":\"http:\\\/\\\/profesjonalnymlm.pl\\\/\"},{\"@type\":\"ListItem\",\"position\":2,\"name\":\"PROFESJONALNY MLM\"}]},{\"@type\":\"WebSite\",\"@id\":\"http:\\\/\\\/profesjonalnymlm.pl\\\/#website\",\"url\":\"http:\\\/\\\/profesjonalnymlm.pl\\\/\",\"name\":\"PROFESJONALNY MLM\",\"description\":\"\",\"publisher\":{\"@id\":\"http:\\\/\\\/profesjonalnymlm.pl\\\/#organization\"},\"potentialAction\":[{\"@type\":\"SearchAction\",\"target\":{\"@type\":\"EntryPoint\",\"urlTemplate\":\"http:\\\/\\\/profesjonalnymlm.pl\\\/?s={search_term_string}\"},\"query-input\":{\"@type\":\"PropertyValueSpecification\",\"valueRequired\":true,\"valueName\":\"search_term_string\"}}],\"inLanguage\":\"pl-PL\"},{\"@type\":\"Organization\",\"@id\":\"http:\\\/\\\/profesjonalnymlm.pl\\\/#organization\",\"name\":\"PROFESJONALNY MLM\",\"url\":\"http:\\\/\\\/profesjonalnymlm.pl\\\/\",\"logo\":{\"@type\":\"ImageObject\",\"inLanguage\":\"pl-PL\",\"@id\":\"http:\\\/\\\/profesjonalnymlm.pl\\\/#\\\/schema\\\/logo\\\/image\\\/\",\"url\":\"https:\\\/\\\/profesjonalnymlm.pl\\\/wp-content\\\/uploads\\\/2026\\\/04\\\/logoObszar-roboczy-1_1.png\",\"contentUrl\":\"https:\\\/\\\/profesjonalnymlm.pl\\\/wp-content\\\/uploads\\\/2026\\\/04\\\/logoObszar-roboczy-1_1.png\",\"width\":1920,\"height\":417,\"caption\":\"PROFESJONALNY MLM\"},\"image\":{\"@id\":\"http:\\\/\\\/profesjonalnymlm.pl\\\/#\\\/schema\\\/logo\\\/image\\\/\"}}]}<\/script>\n<!-- \/ Yoast SEO plugin. -->","yoast_head_json":{"title":"PROFESJONALNY MLM - PROFESJONALNY MLM","robots":{"index":"index","follow":"follow","max-snippet":"max-snippet:-1","max-image-preview":"max-image-preview:large","max-video-preview":"max-video-preview:-1"},"canonical":"http:\/\/profesjonalnymlm.pl\/","og_locale":"pl_PL","og_type":"article","og_title":"PROFESJONALNY MLM - PROFESJONALNY MLM","og_description":"Serdecznie zapraszamy wszystkich Dystrybutor\u00f3w Nature\u2019s Sunshine na inspiruj\u0105ce i merytoryczne spotkanie, kt\u00f3re pomo\u017ce Ci rozwin\u0105\u0107 skrzyd\u0142a w biznesie. Do\u0142\u0105cz do nas w Warszawie i zdob\u0105d\u017a wiedz\u0119 od najlepszych w bran\u017cy.","og_url":"http:\/\/profesjonalnymlm.pl\/","og_site_name":"PROFESJONALNY MLM","article_modified_time":"2026-04-28T18:42:23+00:00","og_image":[{"width":1920,"height":1080,"url":"https:\/\/profesjonalnymlm.pl\/wp-content\/uploads\/2026\/04\/hotelObszar-roboczy-1.webp","type":"image\/webp"}],"twitter_card":"summary_large_image","twitter_misc":{"Szacowany czas czytania":"2 minuty"},"schema":{"@context":"https:\/\/schema.org","@graph":[{"@type":"WebPage","@id":"http:\/\/profesjonalnymlm.pl\/","url":"http:\/\/profesjonalnymlm.pl\/","name":"PROFESJONALNY MLM - PROFESJONALNY MLM","isPartOf":{"@id":"http:\/\/profesjonalnymlm.pl\/#website"},"primaryImageOfPage":{"@id":"http:\/\/profesjonalnymlm.pl\/#primaryimage"},"image":{"@id":"http:\/\/profesjonalnymlm.pl\/#primaryimage"},"thumbnailUrl":"http:\/\/profesjonalnymlm.pl\/wp-content\/uploads\/2026\/04\/hotelObszar-roboczy-1.webp","datePublished":"2026-04-28T06:12:26+00:00","dateModified":"2026-04-28T18:42:23+00:00","breadcrumb":{"@id":"http:\/\/profesjonalnymlm.pl\/#breadcrumb"},"inLanguage":"pl-PL","potentialAction":[{"@type":"ReadAction","target":["http:\/\/profesjonalnymlm.pl\/"]}]},{"@type":"ImageObject","inLanguage":"pl-PL","@id":"http:\/\/profesjonalnymlm.pl\/#primaryimage","url":"https:\/\/profesjonalnymlm.pl\/wp-content\/uploads\/2026\/04\/hotelObszar-roboczy-1.webp","contentUrl":"https:\/\/profesjonalnymlm.pl\/wp-content\/uploads\/2026\/04\/hotelObszar-roboczy-1.webp","width":1920,"height":1080,"caption":"Airport Hotel Ok\u0119cie"},{"@type":"BreadcrumbList","@id":"http:\/\/profesjonalnymlm.pl\/#breadcrumb","itemListElement":[{"@type":"ListItem","position":1,"name":"Home","item":"http:\/\/profesjonalnymlm.pl\/"},{"@type":"ListItem","position":2,"name":"PROFESJONALNY MLM"}]},{"@type":"WebSite","@id":"http:\/\/profesjonalnymlm.pl\/#website","url":"http:\/\/profesjonalnymlm.pl\/","name":"PROFESJONALNY MLM","description":"","publisher":{"@id":"http:\/\/profesjonalnymlm.pl\/#organization"},"potentialAction":[{"@type":"SearchAction","target":{"@type":"EntryPoint","urlTemplate":"http:\/\/profesjonalnymlm.pl\/?s={search_term_string}"},"query-input":{"@type":"PropertyValueSpecification","valueRequired":true,"valueName":"search_term_string"}}],"inLanguage":"pl-PL"},{"@type":"Organization","@id":"http:\/\/profesjonalnymlm.pl\/#organization","name":"PROFESJONALNY MLM","url":"http:\/\/profesjonalnymlm.pl\/","logo":{"@type":"ImageObject","inLanguage":"pl-PL","@id":"http:\/\/profesjonalnymlm.pl\/#\/schema\/logo\/image\/","url":"https:\/\/profesjonalnymlm.pl\/wp-content\/uploads\/2026\/04\/logoObszar-roboczy-1_1.png","contentUrl":"https:\/\/profesjonalnymlm.pl\/wp-content\/uploads\/2026\/04\/logoObszar-roboczy-1_1.png","width":1920,"height":417,"caption":"PROFESJONALNY MLM"},"image":{"@id":"http:\/\/profesjonalnymlm.pl\/#\/schema\/logo\/image\/"}}]}},"_links":{"self":[{"href":"https:\/\/profesjonalnymlm.pl\/index.php?rest_route=\/wp\/v2\/pages\/46","targetHints":{"allow":["GET"]}}],"collection":[{"href":"https:\/\/profesjonalnymlm.pl\/index.php?rest_route=\/wp\/v2\/pages"}],"about":[{"href":"https:\/\/profesjonalnymlm.pl\/index.php?rest_route=\/wp\/v2\/types\/page"}],"author":[{"embeddable":true,"href":"https:\/\/profesjonalnymlm.pl\/index.php?rest_route=\/wp\/v2\/users\/1"}],"replies":[{"embeddable":true,"href":"https:\/\/profesjonalnymlm.pl\/index.php?rest_route=%2Fwp%2Fv2%2Fcomments&post=46"}],"version-history":[{"count":49,"href":"https:\/\/profesjonalnymlm.pl\/index.php?rest_route=\/wp\/v2\/pages\/46\/revisions"}],"predecessor-version":[{"id":101,"href":"https:\/\/profesjonalnymlm.pl\/index.php?rest_route=\/wp\/v2\/pages\/46\/revisions\/101"}],"wp:attachment":[{"href":"https:\/\/profesjonalnymlm.pl\/index.php?rest_route=%2Fwp%2Fv2%2Fmedia&parent=46"}],"curies":[{"name":"wp","href":"https:\/\/api.w.org\/{rel}","templated":true}]}}